{"id":7601,"date":"2018-09-05T06:34:24","date_gmt":"2018-09-05T04:34:24","guid":{"rendered":"https:\/\/mestergull.no\/ronning\/produkt\/pendant-midnight-bunch-lotus-sterling-silver-ligh\/"},"modified":"2026-01-07T06:35:20","modified_gmt":"2026-01-07T05:35:20","slug":"pendant-midnight-bunch-lotus-sterling-silver-ligh","status":"publish","type":"product","link":"https:\/\/mestergull.no\/ronning\/produkt\/pendant-midnight-bunch-lotus-sterling-silver-ligh\/","title":{"rendered":"Anheng S\u00f8lv"},"content":{"rendered":"<ul>\n<li>S\u00f8lv 925S<\/li>\n<li>Hvit m\u00e5nesten<\/li>\n<li>Gr\u00e5 m\u00e5nesten<\/li>\n<li>Blush m\u00e5nesten<\/li>\n<\/ul>\n","protected":false},"excerpt":{"rendered":"<p>Lotus anheng klase i oksidert s\u00f8lv med hvit, gr\u00e5 og blush m\u00e5nesten<\/p>\n","protected":false},"featured_media":1866,"comment_status":"open","ping_status":"closed","template":"","meta":{"_acf_changed":false},"product_cat":[260],"product_tag":[],"merke":[253],"product_serie":[{"id":64,"name":"Lotus","slug":"lotus"}],"produsent":[],"leverandor":[168],"varetype":[],"geografisk_tilknytning":[],"varegruppe":[{"id":29,"name":"S\u00f8lvsmykker","slug":"solvsmykker"}],"butikkrettigheter":[],"class_list":{"0":"post-7601","1":"product","2":"type-product","3":"status-publish","4":"has-post-thumbnail","6":"product_cat-anheng","7":"product_brand-ole-lynggaard","8":"product_serie-lotus","9":"product_leverandor-ole-lynggaard-copenhagen","10":"varegruppe-solvsmykker","12":"first","13":"instock","14":"taxable","15":"shipping-taxable","16":"purchasable","17":"product-type-simple"},"acf":[],"product_brand":[{"id":253,"name":"OLE LYNGGAARD COPENHAGEN","slug":"ole-lynggaard"}],"product_leverandor":[{"id":168,"name":"Ole Lynggaard Copenhagen","slug":"ole-lynggaard-copenhagen"}],"_links":{"self":[{"href":"https:\/\/mestergull.no\/ronning\/wp-json\/wp\/v2\/product\/7601"}],"collection":[{"href":"https:\/\/mestergull.no\/ronning\/wp-json\/wp\/v2\/product"}],"about":[{"href":"https:\/\/mestergull.no\/ronning\/wp-json\/wp\/v2\/types\/product"}],"replies":[{"embeddable":true,"href":"https:\/\/mestergull.no\/ronning\/wp-json\/wp\/v2\/comments?post=7601"}],"wp:featuredmedia":[{"embeddable":true,"href":"https:\/\/mestergull.no\/ronning\/wp-json\/wp\/v2\/media\/1866"}],"wp:attachment":[{"href":"https:\/\/mestergull.no\/ronning\/wp-json\/wp\/v2\/media?parent=7601"}],"wp:term":[{"taxonomy":"product_cat","embeddable":true,"href":"https:\/\/mestergull.no\/ronning\/wp-json\/wp\/v2\/product_cat?post=7601"},{"taxonomy":"product_tag","embeddable":true,"href":"https:\/\/mestergull.no\/ronning\/wp-json\/wp\/v2\/product_tag?post=7601"},{"taxonomy":"product_brand","embeddable":true,"href":"https:\/\/mestergull.no\/ronning\/wp-json\/wp\/v2\/merke?post=7601"},{"taxonomy":"product_serie","embeddable":true,"href":"https:\/\/mestergull.no\/ronning\/wp-json\/wp\/v2\/product_serie?post=7601"},{"taxonomy":"produsent","embeddable":true,"href":"https:\/\/mestergull.no\/ronning\/wp-json\/wp\/v2\/produsent?post=7601"},{"taxonomy":"product_leverandor","embeddable":true,"href":"https:\/\/mestergull.no\/ronning\/wp-json\/wp\/v2\/leverandor?post=7601"},{"taxonomy":"varetype","embeddable":true,"href":"https:\/\/mestergull.no\/ronning\/wp-json\/wp\/v2\/varetype?post=7601"},{"taxonomy":"geografisk_tilknytning","embeddable":true,"href":"https:\/\/mestergull.no\/ronning\/wp-json\/wp\/v2\/geografisk_tilknytning?post=7601"},{"taxonomy":"varegruppe","embeddable":true,"href":"https:\/\/mestergull.no\/ronning\/wp-json\/wp\/v2\/varegruppe?post=7601"},{"taxonomy":"butikkrettigheter","embeddable":true,"href":"https:\/\/mestergull.no\/ronning\/wp-json\/wp\/v2\/butikkrettigheter?post=7601"}],"curies":[{"name":"wp","href":"https:\/\/api.w.org\/{rel}","templated":true}]}}