{"id":9878,"date":"2018-09-05T07:26:24","date_gmt":"2018-09-05T05:26:24","guid":{"rendered":"https:\/\/mestergull.no\/ronning\/produkt\/ro-ro-babyskje-gutt-9214\/"},"modified":"2026-03-10T18:58:53","modified_gmt":"2026-03-10T17:58:53","slug":"ro-ro-babyskje-gutt-9214","status":"publish","type":"product","link":"https:\/\/mestergull.no\/ronning\/produkt\/ro-ro-babyskje-gutt-9214\/","title":{"rendered":"Babyskje"},"content":{"rendered":"<ul>\n<li>S\u00f8lv 925S<\/li>\n<li>Lengde: 112 mm<\/li>\n<li>Egnet for gravering<\/li>\n<\/ul>\n","protected":false},"excerpt":{"rendered":"<p>S\u00f8lv babyskje i m\u00f8nsteret Ro Ro Til Fiskeskj\u00e6r<\/p>\n","protected":false},"featured_media":2199,"comment_status":"open","ping_status":"closed","template":"","meta":{"_acf_changed":false},"product_cat":[280],"product_tag":[],"merke":[209],"product_serie":[],"produsent":[],"leverandor":[171],"varetype":[],"geografisk_tilknytning":[],"varegruppe":[{"id":28,"name":"S\u00f8lvbestikk","slug":"solvbestikk"}],"butikkrettigheter":[],"class_list":{"0":"post-9878","1":"product","2":"type-product","3":"status-publish","4":"has-post-thumbnail","6":"product_cat-barneskje","7":"product_brand-ro-ro-til-fiskeskjaer","8":"product_leverandor-th-marthinsen-solvvarefabrikk","9":"varegruppe-solvbestikk","11":"first","12":"outofstock","13":"taxable","14":"shipping-taxable","15":"purchasable","16":"product-type-simple"},"acf":[],"product_brand":[{"id":209,"name":"RO RO TIL FISKESKJ\u00c6R GUTT","slug":"ro-ro-til-fiskeskjaer"}],"product_leverandor":[{"id":171,"name":"Th. Marthinsen S\u00f8lvvarefabrikk","slug":"th-marthinsen-solvvarefabrikk"}],"_links":{"self":[{"href":"https:\/\/mestergull.no\/ronning\/wp-json\/wp\/v2\/product\/9878"}],"collection":[{"href":"https:\/\/mestergull.no\/ronning\/wp-json\/wp\/v2\/product"}],"about":[{"href":"https:\/\/mestergull.no\/ronning\/wp-json\/wp\/v2\/types\/product"}],"replies":[{"embeddable":true,"href":"https:\/\/mestergull.no\/ronning\/wp-json\/wp\/v2\/comments?post=9878"}],"wp:featuredmedia":[{"embeddable":true,"href":"https:\/\/mestergull.no\/ronning\/wp-json\/wp\/v2\/media\/2199"}],"wp:attachment":[{"href":"https:\/\/mestergull.no\/ronning\/wp-json\/wp\/v2\/media?parent=9878"}],"wp:term":[{"taxonomy":"product_cat","embeddable":true,"href":"https:\/\/mestergull.no\/ronning\/wp-json\/wp\/v2\/product_cat?post=9878"},{"taxonomy":"product_tag","embeddable":true,"href":"https:\/\/mestergull.no\/ronning\/wp-json\/wp\/v2\/product_tag?post=9878"},{"taxonomy":"product_brand","embeddable":true,"href":"https:\/\/mestergull.no\/ronning\/wp-json\/wp\/v2\/merke?post=9878"},{"taxonomy":"product_serie","embeddable":true,"href":"https:\/\/mestergull.no\/ronning\/wp-json\/wp\/v2\/product_serie?post=9878"},{"taxonomy":"produsent","embeddable":true,"href":"https:\/\/mestergull.no\/ronning\/wp-json\/wp\/v2\/produsent?post=9878"},{"taxonomy":"product_leverandor","embeddable":true,"href":"https:\/\/mestergull.no\/ronning\/wp-json\/wp\/v2\/leverandor?post=9878"},{"taxonomy":"varetype","embeddable":true,"href":"https:\/\/mestergull.no\/ronning\/wp-json\/wp\/v2\/varetype?post=9878"},{"taxonomy":"geografisk_tilknytning","embeddable":true,"href":"https:\/\/mestergull.no\/ronning\/wp-json\/wp\/v2\/geografisk_tilknytning?post=9878"},{"taxonomy":"varegruppe","embeddable":true,"href":"https:\/\/mestergull.no\/ronning\/wp-json\/wp\/v2\/varegruppe?post=9878"},{"taxonomy":"butikkrettigheter","embeddable":true,"href":"https:\/\/mestergull.no\/ronning\/wp-json\/wp\/v2\/butikkrettigheter?post=9878"}],"curies":[{"name":"wp","href":"https:\/\/api.w.org\/{rel}","templated":true}]}}